{"id":815,"date":"2016-10-09T08:21:45","date_gmt":"2016-10-09T08:21:45","guid":{"rendered":"http:\/\/webnus.net\/themes\/hotella-new\/vienna\/?page_id=815"},"modified":"2021-09-05T14:16:33","modified_gmt":"2021-09-05T17:16:33","slug":"servicos","status":"publish","type":"page","link":"https:\/\/pousadaorladoscorais.com.br\/home\/servicos\/","title":{"rendered":"Servi\u00e7os e Instala\u00e7\u00f5es"},"content":{"rendered":"[vc_row row_type=&#8221;3&#8243; blox_height=&#8221;493&#8243; blox_image=&#8221;12543&#8243; page_title=&#8221;page-title-x&#8221; blox_dark=&#8221;true&#8221; blox_class=&#8221;w-top-se&#8221; parallax_speed=&#8221;8&#8243;][vc_column]<hr class=\"vertical-space5\"><hr class=\"vertical-space5\"><hr class=\"vertical-space1\"><h2 class=\"big-title1\">Servi\u00e7os e Instala\u00e7\u00f5es Orla dos Corais<\/h2>[vc_column_text]Encontre todas as instala\u00e7\u00f5es dispon\u00edveis e servi\u00e7os da Pousada Orla do Corais.[\/vc_column_text]<hr class=\"vertical-space5\"><hr class=\"vertical-space5\">[\/vc_column][\/vc_row][vc_row row_type=&#8221;2&#8243; blox_bgcolor=&#8221;#ffffff&#8221;][vc_column css=&#8221;.vc_custom_1474103981862{margin-bottom: 4px !important;}&#8221;]<hr class=\"vertical-space5\">[vc_row_inner][vc_column_inner width=&#8221;1\/6&#8243;][\/vc_column_inner][vc_column_inner width=&#8221;2\/3&#8243;]<article class=\"title-plus-text type-1 center \" style=\"text-align:center\" ><h3 style=\"color:#73736b\">Conhe\u00e7a <\/h3><h2 class=\"part-1\" style=\"color:#31312c\">Nossos<\/h2><h2 class=\"part-2\" style=\"color:#5aa300\">Servi\u00e7os<\/h2><p>Aqui apresentamos a maioria dos servi\u00e7os dispon\u00edveis na Pousada, estes servi\u00e7os est\u00e3o dispon\u00edveis em todas su\u00edtes para todos os nossos h\u00f3spedes.<\/p><\/article>[\/vc_column_inner][vc_column_inner width=&#8221;1\/6&#8243;][\/vc_column_inner][\/vc_row_inner]<hr class=\"vertical-space2\"><hr class=\"vertical-space1\">[vc_row_inner][vc_column_inner width=&#8221;1\/4&#8243;]<hr class=\"vertical-space1\"><article class=\"icon-box7\" ><i class=\"pe-7s-alarm\" style=\" color:#de2f68;\"><\/i><h4>Recep\u00e7\u00e3o 24h<\/h4><p>N\u00f3s operamos uma recep\u00e7\u00e3o de 24 horas.<\/p><\/article><hr class=\"vertical-space2\"><article class=\"icon-box7\" ><i class=\"pe-7s-car\" style=\" color:#de2f68;\"><\/i><h4>Reserva de T\u00e1xi<\/h4><p>Oferecemos-lhe aeroporto para transforma\u00e7\u00e3o de cidade e resort com ampla escolha de ve\u00edculos.<\/p><\/article><hr class=\"vertical-space1\">[\/vc_column_inner][vc_column_inner width=&#8221;1\/4&#8243;]<hr class=\"vertical-space1\"><article class=\"icon-box7\" ><i class=\"pe-7s-wine\" style=\" color:#de2f68;\"><\/i><h4>Caf\u00e9 da Manh\u00e3<\/h4><p>Aberto diariamente das 7:30 -9: 30.<\/p><\/article><hr class=\"vertical-space2\"><article class=\"icon-box7\" ><i class=\"pe-7s-door-lock\" style=\" color:#de2f68;\"><\/i><h4>Servi\u00e7o de Quarto<\/h4><p>Servi\u00e7o de quarto \u00e9 feito at\u00e9 meio dia.<\/p><\/article><hr class=\"vertical-space1\">[\/vc_column_inner][vc_column_inner width=&#8221;1\/4&#8243;]<hr class=\"vertical-space1\"><article class=\"icon-box7\" ><i class=\"pe-7s-leaf\" style=\" color:#de2f68;\"><\/i><h4>Lazer<\/h4><p>Area de lazer, suites para casais, piscina e muito mais<\/p><\/article><article class=\"icon-box7\" ><i class=\"pe-7s-car\" style=\" color:#de2f68;\"><\/i><h4>Passeios<\/h4><p>Agende seu passeio via zap (82) 98222-1440:<\/p>\n<p>- Passeio para pisciana natural (lancha);<\/p>\n<p>- Passeio de Orla com parada em frente praia de Antunes;<\/p>\n<p>- Combo passeio para piscina natural e passeio de orla de lancha;<\/p>\n<p>- Passeio de Buggy.<\/p><\/article>[\/vc_column_inner][vc_column_inner width=&#8221;1\/4&#8243;]<hr class=\"vertical-space1\"><article class=\"icon-box7\" ><i class=\"pe-7s-signal\" style=\" color:#de2f68;\"><\/i><h4>Wifi Gr\u00e1tis<\/h4><p>Wi-fi em todos os andares.<\/p><\/article><hr class=\"vertical-space2\"><hr class=\"vertical-space1\">[\/vc_column_inner][\/vc_row_inner]<hr class=\"vertical-space5\">[\/vc_column][\/vc_row][vc_row row_type=&#8221;3&#8243; blox_height=&#8221;613&#8243; blox_image=&#8221;12824&#8243; blox_dark=&#8221;true&#8221; blox_class=&#8221;aligncenter w-information-se&#8221; parallax_speed=&#8221;8&#8243;][vc_column]<hr class=\"vertical-space5\"><hr class=\"vertical-space4\">[vc_row_inner][vc_column_inner width=&#8221;1\/4&#8243;][\/vc_column_inner][vc_column_inner width=&#8221;1\/2&#8243;][vc_column_text]\n<h4 style=\"text-align: center;\">Quem somos N\u00f3s<\/h4>\n<p style=\"text-align: center;\">Vamos descobrir como a pousada Orla dos Corais come\u00e7ou e como eles criaram seus servi\u00e7os durante esses anos.<\/p>\n[\/vc_column_text][\/vc_column_inner][vc_column_inner width=&#8221;1\/4&#8243;][\/vc_column_inner][\/vc_row_inner]<a\n\thref=\"http:\/\/pousadaorladoscorais.com.br\/home\/sobreapousada\/\"\n\t\tid=\"ait-sc-button-1\"\n\tclass=\"ait-sc-button alignnone  buticon-left    simple\"\n\tstyle=\"width:180px;\"\n>\n\t<span class=\"container\">\n\t\t<span class=\"wrap\">\n\n\t\t\t\n\t\t\t\t\t\t<span class=\"text\" style=\"text-align:center;\">\n\t\t\t\t\t\t\t\t<span class=\"title\" style=\"\">\n\t\t\t\t\tButton\t\t\t\t<\/span>\n\t\t\t\t\t\t\t\t\t\t\t<\/span>\n\t\t\t\n\t\t\t\t\t<\/span>\n\t<\/span>\n<\/a>\n[\/vc_column][\/vc_row]\n","protected":false},"excerpt":{"rendered":"<p>[vc_row row_type=&#8221;3&#8243; blox_height=&#8221;493&#8243; blox_image=&#8221;12543&#8243; page_title=&#8221;page-title-x&#8221; blox_dark=&#8221;true&#8221; blox_class=&#8221;w-top-se&#8221; parallax_speed=&#8221;8&#8243;][vc_column][vc_column_text]Encontre todas as instala\u00e7\u00f5es dispon\u00edveis e servi\u00e7os da Pousada Orla do Corais.[\/vc_column_text][\/vc_column][\/vc_row][vc_row row_type=&#8221;2&#8243; blox_bgcolor=&#8221;#ffffff&#8221;][vc_column css=&#8221;.vc_custom_1474103981862{margin-bottom: 4px !important;}&#8221;][vc_row_inner][vc_column_inner width=&#8221;1\/6&#8243;][\/vc_column_inner][vc_column_inner width=&#8221;2\/3&#8243;][\/vc_column_inner][vc_column_inner width=&#8221;1\/6&#8243;][\/vc_column_inner][\/vc_row_inner][vc_row_inner][vc_column_inner width=&#8221;1\/4&#8243;][\/vc_column_inner][vc_column_inner width=&#8221;1\/4&#8243;][\/vc_column_inner][vc_column_inner width=&#8221;1\/4&#8243;][\/vc_column_inner][vc_column_inner width=&#8221;1\/4&#8243;][\/vc_column_inner][\/vc_row_inner][\/vc_column][\/vc_row][vc_row row_type=&#8221;3&#8243; blox_height=&#8221;613&#8243; blox_image=&#8221;12824&#8243; blox_dark=&#8221;true&#8221; blox_class=&#8221;aligncenter w-information-se&#8221; parallax_speed=&#8221;8&#8243;][vc_column][vc_row_inner][vc_column_inner width=&#8221;1\/4&#8243;][\/vc_column_inner][vc_column_inner width=&#8221;1\/2&#8243;][vc_column_text] Quem somos N\u00f3s Vamos descobrir como a pousada Orla dos Corais come\u00e7ou e como eles criaram seus servi\u00e7os durante esses anos. [\/vc_column_text][\/vc_column_inner][vc_column_inner width=&#8221;1\/4&#8243;][\/vc_column_inner][\/vc_row_inner][\/vc_column][\/vc_row]<\/p>\n","protected":false},"author":1,"featured_media":0,"parent":0,"menu_order":0,"comment_status":"closed","ping_status":"closed","template":"","meta":[],"_links":{"self":[{"href":"https:\/\/pousadaorladoscorais.com.br\/home\/wp-json\/wp\/v2\/pages\/815"}],"collection":[{"href":"https:\/\/pousadaorladoscorais.com.br\/home\/wp-json\/wp\/v2\/pages"}],"about":[{"href":"https:\/\/pousadaorladoscorais.com.br\/home\/wp-json\/wp\/v2\/types\/page"}],"author":[{"embeddable":true,"href":"https:\/\/pousadaorladoscorais.com.br\/home\/wp-json\/wp\/v2\/users\/1"}],"replies":[{"embeddable":true,"href":"https:\/\/pousadaorladoscorais.com.br\/home\/wp-json\/wp\/v2\/comments?post=815"}],"version-history":[{"count":17,"href":"https:\/\/pousadaorladoscorais.com.br\/home\/wp-json\/wp\/v2\/pages\/815\/revisions"}],"predecessor-version":[{"id":22819,"href":"https:\/\/pousadaorladoscorais.com.br\/home\/wp-json\/wp\/v2\/pages\/815\/revisions\/22819"}],"wp:attachment":[{"href":"https:\/\/pousadaorladoscorais.com.br\/home\/wp-json\/wp\/v2\/media?parent=815"}],"curies":[{"name":"wp","href":"https:\/\/api.w.org\/{rel}","templated":true}]}}