{"id":148,"date":"2016-09-06T06:11:02","date_gmt":"2016-09-06T06:11:02","guid":{"rendered":"http:\/\/webnus.net\/themes\/hotella-new\/vienna\/?page_id=148"},"modified":"2025-04-25T17:09:38","modified_gmt":"2025-04-25T20:09:38","slug":"contact","status":"publish","type":"page","link":"https:\/\/pousadaorladoscorais.com.br\/home\/contact\/","title":{"rendered":"Contato"},"content":{"rendered":"[vc_row row_type=&#8221;3&#8243; blox_height=&#8221;0&#8243; page_title=&#8221;page-title-x&#8221; blox_dark=&#8221;true&#8221; blox_class=&#8221;w-top-se&#8221; parallax_speed=&#8221;8&#8243;][vc_column]<hr class=\"vertical-space1\"><h2 class=\"big-title1\">Localiza\u00e7\u00e3o - Orla do Corais<\/h2>[vc_column_text]Nossa equipe est\u00e1 totalmente a sua disposi\u00e7\u00e3o.[\/vc_column_text][\/vc_column][\/vc_row][vc_row row_type=&#8221;3&#8243; blox_height=&#8221;0&#8243; page_title=&#8221;page-title-x&#8221; blox_dark=&#8221;true&#8221; blox_class=&#8221;w-top-se&#8221; parallax_speed=&#8221;8&#8243;][vc_column]<hr class=\"vertical-space1\">[vc_column_text]Nossa equipe est\u00e1 totalmente a sua disposi\u00e7\u00e3o.[\/vc_column_text][\/vc_column][\/vc_row][vc_row][vc_column]<hr class=\"vertical-space5\"><hr class=\"vertical-space2\">[vc_row_inner][vc_column_inner width=&#8221;1\/6&#8243;][\/vc_column_inner][vc_column_inner width=&#8221;4\/6&#8243;]<article class=\"title-plus-text type-1 center \" style=\"text-align:center\" ><h3 style=\"color:#73736b\">Visualizar o mapa a seguir para<\/h3><h2 class=\"part-1\" style=\"color:#31312c\">Encontrar a nossa<\/h2><h2 class=\"part-2\" style=\"color:#5aa300\">Localiza\u00e7\u00e3o<\/h2><p>Toda a equipe na Pousada Orla dos Corais est\u00e1 dispon\u00edvel e feliz em responder suas perguntas. N\u00f3s convidamos voc\u00ea a nos contatar de uma maneira que seja mais conveniente .<\/p><\/article>[\/vc_column_inner][vc_column_inner width=&#8221;1\/6&#8243;][\/vc_column_inner][\/vc_row_inner]<hr class=\"vertical-space1\">[vc_row_inner][vc_column_inner css=&#8221;.vc_custom_1473243202982{padding-top: 12px !important;padding-bottom: 5px !important;}&#8221;][\/vc_column_inner][\/vc_row_inner][vc_gmaps link=&#8221;#E-8_JTNDaWZyYW1lJTIwc3JjJTNEJTIyaHR0cHMlM0ElMkYlMkZ3d3cuZ29vZ2xlLmNvbSUyRm1hcHMlMkZlbWJlZCUzRnBiJTNEJTIxMW0xOCUyMTFtMTIlMjExbTMlMjExZDExNzEuNTI3Mzg0MjYwMDAxOCUyMTJkLTM1LjIyMzAyMTMzNDI5MDcyJTIxM2QtOS4wMTUwNzIzMTU0MzgwNjclMjEybTMlMjExZjAlMjEyZjAlMjEzZjAlMjEzbTIlMjExaTEwMjQlMjEyaTc2OCUyMTRmMTMuMSUyMTNtMyUyMTFtMiUyMTFzMHg3MDBmNTUwOTI4NzllYWYlMjUzQTB4YTYzMjUwMTBiMzEwY2FiZiUyMTJzUG91c2FkYSUyQk9ybGElMkJkb3MlMkJDb3JhaXMlMjE1ZTAlMjEzbTIlMjExc3B0LUJSJTIxMnNiciUyMTR2MTUyNjkyMTg1Mzc0NyUyMiUyMHdpZHRoJTNEJTIyNjAwJTIyJTIwaGVpZ2h0JTNEJTIyNDUwJTIyJTIwZnJhbWVib3JkZXIlM0QlMjIwJTIyJTIwc3R5bGUlM0QlMjJib3JkZXIlM0EwJTIyJTIwYWxsb3dmdWxsc2NyZWVuJTNFJTNDJTJGaWZyYW1lJTNF&#8221;][\/vc_column][\/vc_row][vc_row][vc_column css=&#8221;.vc_custom_1473245247959{margin-top: 8px !important;}&#8221;]<hr class=\"vertical-space3\">[vc_row_inner][vc_column_inner width=&#8221;1\/6&#8243;][\/vc_column_inner][vc_column_inner width=&#8221;4\/6&#8243;]<article class=\"title-plus-text type-1 center \" style=\"text-align:center\" ><h3 style=\"color:#73736b\">Voc\u00ea precisa saber<\/h3><h2 class=\"part-1\" style=\"color:#31312c\">Como<\/h2><h2 class=\"part-2\" style=\"color:#5aa300\">Chegar?<\/h2><p>Se voc\u00ea n\u00e3o tem certeza sobre qual \u00e9 a melhor maneira de chegar a pousada Orla dos Corais, sugerimos que voc\u00ea saiba qual \u00e9 a melhor op\u00e7\u00e3o para chegar.<\/p><\/article>[\/vc_column_inner][vc_column_inner width=&#8221;1\/6&#8243;][\/vc_column_inner][\/vc_row_inner]<hr class=\"vertical-space2\">[vc_row_inner css=&#8221;.vc_custom_1473246146001{margin-top: -12px !important;margin-bottom: 5px !important;}&#8221;][vc_column_inner width=&#8221;1\/4&#8243;]<div class=\"teaser-box8\"><a href=\"#\"><img class=\"teaser-image \" src=\"https:\/\/pousadaorladoscorais.com.br\/home\/wp-content\/uploads\/2016\/09\/c003.jpg\" alt=\"\"><h4 class=\"teaser-title has-image\">TRANSFER<\/h4><div class=\"border-bottom\" style = \"background-color: #00b1cd;\"><\/div><\/a><p>O servi\u00e7o de transporte do aeroporto \u00e9 uma das op\u00e7\u00f5es mais confort\u00e1veis para chegar a pousada.<\/p><\/div><hr class=\"vertical-space2\">[\/vc_column_inner][vc_column_inner width=&#8221;1\/4&#8243;]<div class=\"teaser-box8\"><a href=\"#\"><img class=\"teaser-image \" src=\"https:\/\/pousadaorladoscorais.com.br\/home\/wp-content\/uploads\/2016\/09\/c004.jpg\" alt=\"\"><h4 class=\"teaser-title has-image\">AEROPORTO<\/h4><div class=\"border-bottom\" style = \"background-color: #00b1cd;\"><\/div><\/a><p>Para chegar a pousada, voc\u00ea deve pegar a BR at\u00e9 a orla.<\/p><\/div><hr class=\"vertical-space2\">[\/vc_column_inner][vc_column_inner width=&#8221;1\/4&#8243;]<div class=\"teaser-box8\"><a href=\"#\"><img class=\"teaser-image \" src=\"https:\/\/pousadaorladoscorais.com.br\/home\/wp-content\/uploads\/2016\/09\/c001.jpg\" alt=\"\"><h4 class=\"teaser-title has-image\">TAXI<\/h4><div class=\"border-bottom\" style = \"background-color: #00b1cd;\"><\/div><\/a><p>Voc\u00ea vai encontrar uma pra\u00e7a de t\u00e1xis l\u00e1 fora. Em pouco mais de quinze minutos, voc\u00ea ser\u00e1 levado a nossa pousada<\/p><\/div><hr class=\"vertical-space2\">[\/vc_column_inner][vc_column_inner width=&#8221;1\/4&#8243;]<div class=\"teaser-box8\"><a href=\"#\"><img class=\"teaser-image \" src=\"https:\/\/pousadaorladoscorais.com.br\/home\/wp-content\/uploads\/2016\/09\/c002.jpg\" alt=\"\"><h4 class=\"teaser-title has-image\">ONIBUS<\/h4><div class=\"border-bottom\" style = \"background-color: #00b1cd;\"><\/div><\/a><\/div><hr class=\"vertical-space2\">[\/vc_column_inner][\/vc_row_inner][\/vc_column][\/vc_row][vc_row row_type=&#8221;3&#8243; blox_height=&#8221;615&#8243; blox_image=&#8221;13007&#8243; blox_dark=&#8221;true&#8221; blox_class=&#8221;aligncenter w-information-se&#8221; parallax_speed=&#8221;8&#8243;][vc_column]<hr class=\"vertical-space5\"><hr class=\"vertical-space4\">[vc_row_inner][vc_column_inner width=&#8221;1\/4&#8243;][\/vc_column_inner][vc_column_inner width=&#8221;1\/2&#8243;][vc_column_text]\n<h4 style=\"text-align: center;\">Quem somos<\/h4>\n<p style=\"text-align: center;\">Vamos descobrir como a pousada come\u00e7ou e como os gerentes desenvolvem seus servi\u00e7os durante esses anos.<\/p>\n[\/vc_column_text][\/vc_column_inner][vc_column_inner width=&#8221;1\/4&#8243;][\/vc_column_inner][\/vc_row_inner]<a\n\thref=\"#\"\n\t\tid=\"ait-sc-button-1\"\n\tclass=\"ait-sc-button alignnone  buticon-left    simple\"\n\tstyle=\"width:180px;\"\n>\n\t<span class=\"container\">\n\t\t<span class=\"wrap\">\n\n\t\t\t\n\t\t\t\t\t\t<span class=\"text\" style=\"text-align:center;\">\n\t\t\t\t\t\t\t\t<span class=\"title\" style=\"\">\n\t\t\t\t\tButton\t\t\t\t<\/span>\n\t\t\t\t\t\t\t\t\t\t\t<\/span>\n\t\t\t\n\t\t\t\t\t<\/span>\n\t<\/span>\n<\/a>\n[\/vc_column][\/vc_row]\n","protected":false},"excerpt":{"rendered":"<p>[vc_row row_type=&#8221;3&#8243; blox_height=&#8221;0&#8243; page_title=&#8221;page-title-x&#8221; blox_dark=&#8221;true&#8221; blox_class=&#8221;w-top-se&#8221; parallax_speed=&#8221;8&#8243;][vc_column][vc_column_text]Nossa equipe est\u00e1 totalmente a sua disposi\u00e7\u00e3o.[\/vc_column_text][\/vc_column][\/vc_row][vc_row row_type=&#8221;3&#8243; blox_height=&#8221;0&#8243; page_title=&#8221;page-title-x&#8221; blox_dark=&#8221;true&#8221; blox_class=&#8221;w-top-se&#8221; parallax_speed=&#8221;8&#8243;][vc_column][vc_column_text]Nossa equipe est\u00e1 totalmente a sua disposi\u00e7\u00e3o.[\/vc_column_text][\/vc_column][\/vc_row][vc_row][vc_column][vc_row_inner][vc_column_inner width=&#8221;1\/6&#8243;][\/vc_column_inner][vc_column_inner width=&#8221;4\/6&#8243;][\/vc_column_inner][vc_column_inner width=&#8221;1\/6&#8243;][\/vc_column_inner][\/vc_row_inner][vc_row_inner][vc_column_inner css=&#8221;.vc_custom_1473243202982{padding-top: 12px !important;padding-bottom: 5px !important;}&#8221;][\/vc_column_inner][\/vc_row_inner][vc_gmaps link=&#8221;#E-8_JTNDaWZyYW1lJTIwc3JjJTNEJTIyaHR0cHMlM0ElMkYlMkZ3d3cuZ29vZ2xlLmNvbSUyRm1hcHMlMkZlbWJlZCUzRnBiJTNEJTIxMW0xOCUyMTFtMTIlMjExbTMlMjExZDExNzEuNTI3Mzg0MjYwMDAxOCUyMTJkLTM1LjIyMzAyMTMzNDI5MDcyJTIxM2QtOS4wMTUwNzIzMTU0MzgwNjclMjEybTMlMjExZjAlMjEyZjAlMjEzZjAlMjEzbTIlMjExaTEwMjQlMjEyaTc2OCUyMTRmMTMuMSUyMTNtMyUyMTFtMiUyMTFzMHg3MDBmNTUwOTI4NzllYWYlMjUzQTB4YTYzMjUwMTBiMzEwY2FiZiUyMTJzUG91c2FkYSUyQk9ybGElMkJkb3MlMkJDb3JhaXMlMjE1ZTAlMjEzbTIlMjExc3B0LUJSJTIxMnNiciUyMTR2MTUyNjkyMTg1Mzc0NyUyMiUyMHdpZHRoJTNEJTIyNjAwJTIyJTIwaGVpZ2h0JTNEJTIyNDUwJTIyJTIwZnJhbWVib3JkZXIlM0QlMjIwJTIyJTIwc3R5bGUlM0QlMjJib3JkZXIlM0EwJTIyJTIwYWxsb3dmdWxsc2NyZWVuJTNFJTNDJTJGaWZyYW1lJTNF&#8221;][\/vc_column][\/vc_row][vc_row][vc_column css=&#8221;.vc_custom_1473245247959{margin-top: 8px !important;}&#8221;][vc_row_inner][vc_column_inner width=&#8221;1\/6&#8243;][\/vc_column_inner][vc_column_inner width=&#8221;4\/6&#8243;][\/vc_column_inner][vc_column_inner width=&#8221;1\/6&#8243;][\/vc_column_inner][\/vc_row_inner][vc_row_inner css=&#8221;.vc_custom_1473246146001{margin-top: -12px !important;margin-bottom: 5px !important;}&#8221;][vc_column_inner width=&#8221;1\/4&#8243;][\/vc_column_inner][vc_column_inner width=&#8221;1\/4&#8243;][\/vc_column_inner][vc_column_inner width=&#8221;1\/4&#8243;][\/vc_column_inner][vc_column_inner width=&#8221;1\/4&#8243;][\/vc_column_inner][\/vc_row_inner][\/vc_column][\/vc_row][vc_row row_type=&#8221;3&#8243; blox_height=&#8221;615&#8243; blox_image=&#8221;13007&#8243; blox_dark=&#8221;true&#8221; blox_class=&#8221;aligncenter w-information-se&#8221; parallax_speed=&#8221;8&#8243;][vc_column][vc_row_inner][vc_column_inner width=&#8221;1\/4&#8243;][\/vc_column_inner][vc_column_inner width=&#8221;1\/2&#8243;][vc_column_text] Quem somos Vamos descobrir como a pousada come\u00e7ou e como os gerentes desenvolvem seus servi\u00e7os durante esses anos. [\/vc_column_text][\/vc_column_inner][vc_column_inner width=&#8221;1\/4&#8243;][\/vc_column_inner][\/vc_row_inner][\/vc_column][\/vc_row]<\/p>\n","protected":false},"author":1,"featured_media":0,"parent":0,"menu_order":0,"comment_status":"closed","ping_status":"closed","template":"","meta":[],"_links":{"self":[{"href":"https:\/\/pousadaorladoscorais.com.br\/home\/wp-json\/wp\/v2\/pages\/148"}],"collection":[{"href":"https:\/\/pousadaorladoscorais.com.br\/home\/wp-json\/wp\/v2\/pages"}],"about":[{"href":"https:\/\/pousadaorladoscorais.com.br\/home\/wp-json\/wp\/v2\/types\/page"}],"author":[{"embeddable":true,"href":"https:\/\/pousadaorladoscorais.com.br\/home\/wp-json\/wp\/v2\/users\/1"}],"replies":[{"embeddable":true,"href":"https:\/\/pousadaorladoscorais.com.br\/home\/wp-json\/wp\/v2\/comments?post=148"}],"version-history":[{"count":30,"href":"https:\/\/pousadaorladoscorais.com.br\/home\/wp-json\/wp\/v2\/pages\/148\/revisions"}],"predecessor-version":[{"id":29563,"href":"https:\/\/pousadaorladoscorais.com.br\/home\/wp-json\/wp\/v2\/pages\/148\/revisions\/29563"}],"wp:attachment":[{"href":"https:\/\/pousadaorladoscorais.com.br\/home\/wp-json\/wp\/v2\/media?parent=148"}],"curies":[{"name":"wp","href":"https:\/\/api.w.org\/{rel}","templated":true}]}}