{"id":12701,"date":"2018-05-30T10:33:03","date_gmt":"2018-05-30T13:33:03","guid":{"rendered":"http:\/\/pousadaorladoscorais.com.br\/home\/?page_id=12701"},"modified":"2021-11-06T14:26:33","modified_gmt":"2021-11-06T17:26:33","slug":"politica-de-reservas","status":"publish","type":"page","link":"https:\/\/pousadaorladoscorais.com.br\/home\/politica-de-reservas\/","title":{"rendered":"Pol\u00edtica de Reservas"},"content":{"rendered":"[vc_row][vc_column][vc_column_text]O hotel cobra multa por altera\u00e7\u00f5es de 20% do valor total da reserva;<br \/>\nEm caso de cancelamento realizado at\u00e9 19 dias antes do check-in haver\u00e1 multa de 30% do valor total da reserva;<br \/>\nEm caso de cancelamento realizado entre 19 dias e a data do check-in haver\u00e1 multa de 50% do valor total da reserva;<br \/>\nEm caso de sa\u00edda antecipada, ser\u00e1 cobrado 100% do valor da estadia.<br \/>\nEm caso de n\u00e3o comparecimento (NO-SHOW), ser\u00e1 cobrada a taxa de 50% da estadia.<br \/>\nSer\u00e1 considerado n\u00e3o comparecimento (NO-SHOW), o n\u00e3o comparecimento para check-in at\u00e9 \u00e0s 12:00 horas (meio dia) do dia seguinte ao inicio da primeira di\u00e1ria.<br \/>\nN\u00e3o haver\u00e1 reembolso para reservas para periodo de feriados , nacionais, estaduais e municipal como tamb\u00e9m nos pacotes e no periodo de 20 de dezembro a 02 de fevereio.<br \/>\nA diaria inica-se as 14:h e com encerramento as 12;h , ap\u00f3s se dar\u00e1 inicio a outra diaria;<br \/>\nOBS.: Poder\u00e1 tamb\u00e9m ficar acertado entre as partes outras situa\u00e7\u00f5es diferentes das descriminadas acima, desde que conste por e-mail para que tenham validade, como por exemplo: isen\u00e7\u00e3o de multa, prazos e outros acordos.<\/p>\n<p>Informativos \/ Esclarecimento:<br \/>\nInternet \u2013 Poder\u00e1 ficar fora do ar por periodos por problemas t\u00e9cnicos internos\/externos.<\/p>\n<p>Piscina ao ar livre todo o ano, salvo quando est\u00e1 em tratamento ou por motivo de quebra de equipamento ou por processo qu\u00edmico dos produtos.[\/vc_column_text][\/vc_column][\/vc_row]\n","protected":false},"excerpt":{"rendered":"<p>[vc_row][vc_column][vc_column_text]O hotel cobra multa por altera\u00e7\u00f5es de 20% do valor total da reserva; Em caso de cancelamento realizado at\u00e9 19 dias antes do check-in haver\u00e1 multa de 30% do valor total da reserva; Em caso de cancelamento realizado entre 19 dias e a data do check-in haver\u00e1 multa de 50% do valor total da reserva; Em caso de sa\u00edda antecipada, ser\u00e1 cobrado 100% do valor da estadia. Em caso de n\u00e3o comparecimento (NO-SHOW), ser\u00e1 cobrada a taxa de 50% da estadia. Ser\u00e1 considerado n\u00e3o comparecimento (NO-SHOW), o n\u00e3o comparecimento para check-in at\u00e9 \u00e0s 12:00 horas (meio dia) do dia seguinte ao inicio da primeira di\u00e1ria. N\u00e3o haver\u00e1 reembolso para reservas para periodo de feriados , nacionais, estaduais e municipal como tamb\u00e9m nos pacotes e no periodo de 20 de dezembro a 02 de fevereio. A diaria inica-se as 14:h e com encerramento as 12;h , ap\u00f3s se dar\u00e1 inicio a outra diaria; OBS.: Poder\u00e1 tamb\u00e9m ficar acertado entre as partes outras situa\u00e7\u00f5es diferentes das descriminadas acima, desde que conste por e-mail para que tenham validade, como por exemplo: isen\u00e7\u00e3o de multa, prazos e outros acordos. Informativos \/ Esclarecimento: Internet \u2013 Poder\u00e1 ficar fora do ar por periodos por problemas t\u00e9cnicos internos\/externos. Piscina ao ar livre todo o ano, salvo quando est\u00e1 em tratamento ou por motivo de quebra de equipamento ou por processo qu\u00edmico dos produtos.[\/vc_column_text][\/vc_column][\/vc_row]<\/p>\n","protected":false},"author":1,"featured_media":0,"parent":0,"menu_order":0,"comment_status":"closed","ping_status":"closed","template":"","meta":[],"_links":{"self":[{"href":"https:\/\/pousadaorladoscorais.com.br\/home\/wp-json\/wp\/v2\/pages\/12701"}],"collection":[{"href":"https:\/\/pousadaorladoscorais.com.br\/home\/wp-json\/wp\/v2\/pages"}],"about":[{"href":"https:\/\/pousadaorladoscorais.com.br\/home\/wp-json\/wp\/v2\/types\/page"}],"author":[{"embeddable":true,"href":"https:\/\/pousadaorladoscorais.com.br\/home\/wp-json\/wp\/v2\/users\/1"}],"replies":[{"embeddable":true,"href":"https:\/\/pousadaorladoscorais.com.br\/home\/wp-json\/wp\/v2\/comments?post=12701"}],"version-history":[{"count":2,"href":"https:\/\/pousadaorladoscorais.com.br\/home\/wp-json\/wp\/v2\/pages\/12701\/revisions"}],"predecessor-version":[{"id":22822,"href":"https:\/\/pousadaorladoscorais.com.br\/home\/wp-json\/wp\/v2\/pages\/12701\/revisions\/22822"}],"wp:attachment":[{"href":"https:\/\/pousadaorladoscorais.com.br\/home\/wp-json\/wp\/v2\/media?parent=12701"}],"curies":[{"name":"wp","href":"https:\/\/api.w.org\/{rel}","templated":true}]}}