{"id":10667,"date":"2016-09-17T08:30:45","date_gmt":"2016-09-17T08:30:45","guid":{"rendered":"http:\/\/webnus.net\/themes\/hotella-new\/vienna\/?page_id=14"},"modified":"2021-09-05T14:22:12","modified_gmt":"2021-09-05T17:22:12","slug":"home","status":"publish","type":"page","link":"https:\/\/pousadaorladoscorais.com.br\/home\/","title":{"rendered":"Home"},"content":{"rendered":"[vc_row row_type=&#8221;1&#8243;][vc_column][rev_slider_vc alias=&#8221;hotella-vienna-rev-slider01&#8243;][\/vc_column][\/vc_row][vc_row row_type=&#8221;2&#8243; blox_bgcolor=&#8221;#f2f2f2&#8243;][vc_column]<hr class=\"vertical-space2\">[vc_row_inner css=&#8221;.vc_custom_1473853232790{margin-top: 5px !important;}&#8221;][vc_column_inner width=&#8221;1\/3&#8243;]<hr class=\"vertical-space2\"><article class=\"icon-box1\" ><img src=\"https:\/\/pousadaorladoscorais.com.br\/home\/wp-content\/uploads\/2016\/09\/iconbox-home2.png\" alt=\"\" \/><h5>Lugar Perfeito<\/h5><h4>Vista para o mar<\/h4><p>A Pousada Orla dos Corais \u00e9 um dos melhores lugares para passar o tempo com sua fam\u00edlia e desfrutar de suas f\u00e9rias em um lugar bonito e tranquilo para se lembrar.<\/p><\/article><hr class=\"vertical-space2\">[\/vc_column_inner][vc_column_inner width=&#8221;1\/3&#8243;]<hr class=\"vertical-space2\"><article class=\"icon-box1\" ><img src=\"https:\/\/pousadaorladoscorais.com.br\/home\/wp-content\/uploads\/2016\/09\/iconbox2-home2.png\" alt=\"\" \/><h5>Com lindas<\/h5><h4>40 Su\u00edtes<\/h4><p>Encontre na Pousada Orla do Corais o conforto em nossas suites, contamos com mais de 40 Su\u00edtes desde a mais simples at\u00e9 a mais sofisticada e luxuosa suite de Maragogi.<\/p><\/article><hr class=\"vertical-space2\">[\/vc_column_inner][vc_column_inner width=&#8221;1\/3&#8243;]<hr class=\"vertical-space2\"><article class=\"icon-box1\" ><img src=\"https:\/\/pousadaorladoscorais.com.br\/home\/wp-content\/uploads\/2019\/05\/icone-1-1-e1557342325228.png\" alt=\"\" \/><h5>Atendemos a grupos<\/h5><h4>Pacotes<\/h4><p>Aceitamos or\u00e7amentos para grupos em pequenas e grandes quantidades.<\/p><\/article><hr class=\"vertical-space2\">[\/vc_column_inner][\/vc_row_inner]<hr class=\"vertical-space5\">[\/vc_column][\/vc_row][vc_row row_type=&#8221;2&#8243; blox_padding_top=&#8221;10&#8243; blox_bgcolor=&#8221;#f2f2f2&#8243;][vc_column width=&#8221;1\/4&#8243;]<a\n\thref=\"http:\/\/pousadaorladoscorais.com.br\/home\/sobreapousada\/\"\n\t\tid=\"ait-sc-button-1\"\n\tclass=\"ait-sc-button alignnone  buticon-left    simple\"\n\tstyle=\"width:180px;\"\n>\n\t<span class=\"container\">\n\t\t<span class=\"wrap\">\n\n\t\t\t\n\t\t\t\t\t\t<span class=\"text\" style=\"text-align:center;\">\n\t\t\t\t\t\t\t\t<span class=\"title\" style=\"\">\n\t\t\t\t\tButton\t\t\t\t<\/span>\n\t\t\t\t\t\t\t\t\t\t\t<\/span>\n\t\t\t\n\t\t\t\t\t<\/span>\n\t<\/span>\n<\/a>\n[vc_column_text el_class=&#8221;about-home2&#8243;]\n<div style=\"background: #31312c; padding: 20% 23px 5%;\">\n<h4><\/h4>\n<h4 style=\"color: #d0ae5e; font-size: 23px; font-family: 'Playfair Display'; font-style: italic;\">Uma breve hist\u00f3ria sobre:<\/h4>\n<h3 style=\"font-size: 33px; color: #fff;\">Pousada Orla do Corais<\/h3>\n<p style=\"color: #eee; font-weight: 300; font-size: 14px;\">Situada no litoral norte de Alagoas \u00e1 125 km do aeroporto de Macei\u00f3 e \u00e1 136 km de Recife com localiza\u00e7\u00e3o privilegiada frente para o mar no centro de Maragogi. Sua estrutura proporciona um ambiente aconchegante, moderno, descontra\u00eddo com uma Piscina Panor\u00e2mica com Mirante para voc\u00ea apreciar as belezas naturais de Maragogi com vista diferenciada.&#8221;<\/p>\n<p>&nbsp;<\/p>\n<\/div>\n[\/vc_column_text][vc_btn title=&#8221;Saiba Mais&#8221; color=&#8221;mulled-wine&#8221; size=&#8221;lg&#8221; align=&#8221;center&#8221; button_block=&#8221;true&#8221; link=&#8221;url:http%3A%2F%2Fpousadaorladoscorais.com.br%2Fhome%2Fsobreapousada%2F|||&#8221;][\/vc_column][vc_column width=&#8221;3\/4&#8243;]\n\t\t\t<div class=\"clearfix\">\n\t\t\t\t<div class=\"container\">\n\t\t\t\t\t<div class=\"w-image-carousel owl-carousel owl-theme\" data-items=\"3\" >\n\t\t\t\t\t\t\t<div class=\"services-carousel\">\n\t\t\t\t\t\t\t\t<img src=\"https:\/\/pousadaorladoscorais.com.br\/home\/wp-content\/uploads\/2019\/05\/elevador-1.jpg\">\n\t\t\t\t\t\t\t<\/div>\n\t\t\t\t\t\t\t<div class=\"services-carousel\">\n\t\t\t\t\t\t\t\t<img src=\"https:\/\/pousadaorladoscorais.com.br\/home\/wp-content\/uploads\/2018\/05\/home-02.jpg\">\n\t\t\t\t\t\t\t<\/div>\n\t\t\t\t\t\t\t<div class=\"services-carousel\">\n\t\t\t\t\t\t\t\t<img src=\"https:\/\/pousadaorladoscorais.com.br\/home\/wp-content\/uploads\/2018\/05\/home-01.jpg\">\n\t\t\t\t\t\t\t<\/div>\n\t\t\t\t\t\t\t<div class=\"services-carousel\">\n\t\t\t\t\t\t\t\t<img src=\"https:\/\/pousadaorladoscorais.com.br\/home\/wp-content\/uploads\/2019\/05\/galeria-1.jpg\">\n\t\t\t\t\t\t\t<\/div>\n\t\t\t\t\t\t\t<div class=\"services-carousel\">\n\t\t\t\t\t\t\t\t<img src=\"https:\/\/pousadaorladoscorais.com.br\/home\/wp-content\/uploads\/2019\/05\/elevador-2.jpg\">\n\t\t\t\t\t\t\t<\/div>\n\t\t\t\t\t<\/div>\n\t\t\t\t<\/div>\n\t\t\t<\/div><hr class=\"vertical-space5\"><hr class=\"vertical-space5\">[\/vc_column][\/vc_row][vc_row row_type=&#8221;2&#8243; blox_bgcolor=&#8221;#f2f2f2&#8243;][vc_column]<article class=\"title-plus-text type-2 center \" style=\"text-align:center\" ><h3>Conhe\u00e7a nossas<\/h3><h2>Suites<\/h2><\/article>[\/vc_column][\/vc_row][vc_row row_type=&#8221;3&#8243;][vc_column][rev_slider_vc alias=&#8221;vienna-slider2&#8243;][\/vc_column][\/vc_row][vc_row row_type=&#8221;2&#8243; blox_bgcolor=&#8221;#f2f2f2&#8243;][vc_column]<hr class=\"vertical-space5\"><hr class=\"vertical-space3\"><article class=\"title-plus-text type-2 center \" style=\"text-align:center\" ><h3>Orla do Corais<\/h3><h2>Instala\u00e7\u00f5es e Servi\u00e7os<\/h2><\/article>[\/vc_column][\/vc_row][vc_row row_type=&#8221;2&#8243; blox_bgcolor=&#8221;#f2f2f2&#8243;][vc_column width=&#8221;1\/4&#8243;]<hr class=\"vertical-space3\">\n\t\t\t<div class=\"suite-toggle\" style=\"background-color:#42687e\" >\n\t\t\t\t<div class=\"main-content\">\n\t\t\t\t\t<h3>CAF\u00c9 DA MANH\u00c3<\/h3>\n\t\t\t\t\t<div class=\"service-icon\">\n\t\t\t\t\t\t<i class=\"pe-7s-wine\"><\/i>\n\t\t\t\t\t<\/div>\n\t\t\t\t<\/div>\n\t\t\t\t<div class=\"toggle-content\">\n\t\t\t\t\t<div class=\"extra-content\"><p>Aberto:<br \/>\n7:30h - 9:30h<\/p>\n <\/div>\n\t\t\t\t\t<span><i class=\"ti-plus\" style=\"color:#42687e\"><\/i><\/span>\n\t\t\t\t<\/div>\n\t\t\t<\/div>\n\t\t<hr class=\"vertical-space2\">[\/vc_column][vc_column width=&#8221;1\/4&#8243;]<hr class=\"vertical-space3\">\n\t\t\t<div class=\"suite-toggle\" style=\"background-color:#924e81\" >\n\t\t\t\t<div class=\"main-content\">\n\t\t\t\t\t<h3>RECEP\u00c7\u00c3O 24h<\/h3>\n\t\t\t\t\t<div class=\"service-icon\">\n\t\t\t\t\t\t<i class=\"pe-7s-refresh\"><\/i>\n\t\t\t\t\t<\/div>\n\t\t\t\t<\/div>\n\t\t\t\t<div class=\"toggle-content\">\n\t\t\t\t\t<div class=\"extra-content\"><p>Disponibilidade Total para o visitantes<\/p>\n <\/div>\n\t\t\t\t\t<span><i class=\"ti-plus\" style=\"color:#924e81\"><\/i><\/span>\n\t\t\t\t<\/div>\n\t\t\t<\/div>\n\t\t<hr class=\"vertical-space2\">[\/vc_column][vc_column width=&#8221;1\/4&#8243;]<hr class=\"vertical-space3\">\n\t\t\t<div class=\"suite-toggle\" style=\"background-color:#2ea392\" >\n\t\t\t\t<div class=\"main-content\">\n\t\t\t\t\t<h3>Lazer<\/h3>\n\t\t\t\t\t<div class=\"service-icon\">\n\t\t\t\t\t\t<i class=\"pe-7s-umbrella\"><\/i>\n\t\t\t\t\t<\/div>\n\t\t\t\t<\/div>\n\t\t\t\t<div class=\"toggle-content\">\n\t\t\t\t\t<div class=\"extra-content\"><p>Aproveite todo lazer de Maragoggi<br \/>\nem Orla do corais<\/p>\n <\/div>\n\t\t\t\t\t<span><i class=\"ti-plus\" style=\"color:#2ea392\"><\/i><\/span>\n\t\t\t\t<\/div>\n\t\t\t<\/div>\n\t\t<hr class=\"vertical-space2\">[\/vc_column][vc_column width=&#8221;1\/4&#8243;]<hr class=\"vertical-space3\">\n\t\t\t<div class=\"suite-toggle\" style=\"background-color:#237499\" >\n\t\t\t\t<div class=\"main-content\">\n\t\t\t\t\t<h3>WIFI GR\u00c1TIS<\/h3>\n\t\t\t\t\t<div class=\"service-icon\">\n\t\t\t\t\t\t<i class=\"pe-7s-signal\"><\/i>\n\t\t\t\t\t<\/div>\n\t\t\t\t<\/div>\n\t\t\t\t<div class=\"toggle-content\">\n\t\t\t\t\t<div class=\"extra-content\"><p>Utilize internet sem custo algum<\/p>\n <\/div>\n\t\t\t\t\t<span><i class=\"ti-plus\" style=\"color:#237499\"><\/i><\/span>\n\t\t\t\t<\/div>\n\t\t\t<\/div>\n\t\t<hr class=\"vertical-space2\">[\/vc_column][\/vc_row][vc_row row_type=&#8221;2&#8243;][vc_column][rev_slider_vc alias=&#8221;vienna-slider3&#8243;][\/vc_column][\/vc_row][vc_row][vc_column css=&#8221;.vc_custom_1475585232409{padding-bottom: 10px !important;}&#8221;]<hr class=\"vertical-space5\"><hr class=\"vertical-space3\"><article class=\"title-plus-text type-2 center \" style=\"text-align:center\" ><h3>Orla dos Corais<\/h3><h2>Destaques e ofertas<\/h2><\/article>[\/vc_column][\/vc_row][vc_row][vc_column width=&#8221;1\/3&#8243;]<hr class=\"vertical-space1\">\n\t\t\t<div class=\"offer-toggle\" style=\" min-height:575px;background: url('https:\/\/pousadaorladoscorais.com.br\/home\/wp-content\/uploads\/2019\/05\/turismo.jpg') no-repeat center center; background-size: cover;\" >\n\t\t\t\t<figure>\n\t\t\t\t\t<div class=\"main-content\">\n\t\t\t\t\t\t<div class=\"offer-icon\"><i class=\"icon-camera\"><\/i><\/div>\n\t\t\t\t\t\t<h4> ATRA\u00c7\u00c3O LOCAL<\/h4>\n\t\t\t\t\t\t<h3>TURISMO<\/h3>\n\t\t\t\t\t\t<span class=\"toogle-plus\"><i class=\"ti-plus\"><\/i><\/span>\n\t\t\t\t\t\t<div class=\"toggle-content  w-hide\">\n\t\t\t\t\t\t\t<div class=\"extra-content\"><p><strong>Consulte valores e informa\u00e7\u00f5es e agende seu passeio via zap (82) 98222-1440:<\/strong><\/p>\n<p>- Passeio para pisciana natural (lancha);<br \/>\n- Passeio de Orla (Caminho de Mois\u00e9s ou Praia da Bruna) com parada em frente praia de Antunes;<br \/>\n- Combo passeio para piscina natural e passeio de orla(Caminho de Mois\u00e9s ou Praia da Bruna) com parada em frente praia de Antunes) de lancha;<br \/>\n- Passeio de Buggy para as principais praias do litoral norte (Burgalhau \/ Barra Grande \/ Antunes (parada para fotos no coqueirinho);<\/p>\n<\/div>\n\t\t\t\t\t\t<\/div>\n\t\t\t\t\t<\/div>\n\t\t\t\t<\/figure>\n\t\t\t<\/div>\n\t\t<hr class=\"vertical-space1\">[\/vc_column][vc_column width=&#8221;1\/3&#8243;]<hr class=\"vertical-space1\">\n\t\t\t<div class=\"offer-toggle\" style=\" min-height:575px;background: url('https:\/\/pousadaorladoscorais.com.br\/home\/wp-content\/uploads\/2019\/05\/turismo-2.jpg') no-repeat center center; background-size: cover;\" >\n\t\t\t\t<figure>\n\t\t\t\t\t<div class=\"main-content\">\n\t\t\t\t\t\t<div class=\"offer-icon\"><i class=\"icon-gift\"><\/i><\/div>\n\t\t\t\t\t\t<h4>Promo\u00e7\u00e3o Para Casais<\/h4>\n\t\t\t\t\t\t<h3>Comemora\u00e7\u00f5es de datas com decora\u00e7\u00f5es<\/h3>\n\t\t\t\t\t\t\n\t\t\t\t\t\t<div class=\"toggle-content  w-hide\">\n\t\t\t\t\t\t\t\n\t\t\t\t\t\t<\/div>\n\t\t\t\t\t<\/div>\n\t\t\t\t<\/figure>\n\t\t\t<\/div>\n\t\t<hr class=\"vertical-space1\">[\/vc_column][vc_column width=&#8221;1\/3&#8243;]<hr class=\"vertical-space1\">\n\t\t\t<div class=\"offer-toggle\" style=\" min-height:575px;background: url('https:\/\/pousadaorladoscorais.com.br\/home\/wp-content\/uploads\/2019\/05\/MARAGOGI.jpg') no-repeat center center; background-size: cover;\" >\n\t\t\t\t<figure>\n\t\t\t\t\t<div class=\"main-content\">\n\t\t\t\t\t\t<div class=\"offer-icon\"><i class=\"icon-edit\"><\/i><\/div>\n\t\t\t\t\t\t<h4>Lindas<\/h4>\n\t\t\t\t\t\t<h3>Praias de Maragogi<\/h3>\n\t\t\t\t\t\t<span class=\"toogle-plus\"><i class=\"ti-plus\"><\/i><\/span>\n\t\t\t\t\t\t<div class=\"toggle-content  w-hide\">\n\t\t\t\t\t\t\t<div class=\"extra-content\"><p>Divirta-se fazendo neg\u00f3cios<\/p>\n<\/div>\n\t\t\t\t\t\t<\/div>\n\t\t\t\t\t<\/div>\n\t\t\t\t<\/figure>\n\t\t\t<\/div>\n\t\t<hr class=\"vertical-space1\">[\/vc_column][vc_column][\/vc_column][\/vc_row][vc_row][vc_column]<hr class=\"vertical-space3\"><article class=\"title-plus-text type-2 center \" style=\"text-align:center\" ><h2>Em Breve<\/h2><\/article>[\/vc_column][\/vc_row][vc_row][vc_column css=&#8221;.vc_custom_1557926643059{background-image: url(http:\/\/pousadaorladoscorais.com.br\/home\/wp-content\/uploads\/2018\/05\/banner-03.jpg?id=12486) !important;background-position: center !important;background-repeat: no-repeat !important;background-size: cover !important;}&#8221; el_class=&#8221;aligncenter&#8221;]<hr class=\"vertical-space5\"><div class=\"testimonial-carousel testi-carou-3\"><div class=\"testimonial-owl-carousel owl-carousel owl-theme\" data-testimonial_count=\"3\"><div class=\"tc-item\">\n\t\t\t\t\t\t\t\t<img src=\"https:\/\/pousadaorladoscorais.com.br\/home\/wp-content\/uploads\/2018\/05\/gallery-1-big-1.jpg\" alt=\"Novo espa\u00e7o caf\u00e9\">\n\t\t\t\t\t\t\t\t<div class=\"main-content\">\n\t\t\t\t\t\t\t\t\t<p class=\"tc-name\">Novo espa\u00e7o caf\u00e9<\/p>\n\t\t\t\t\t\t\t\t\t<div class=\"t-m-footer\"> <p class=\"tc-content\">Espa\u00e7o Caf\u00e9 no 3o andar com vista panor\u00e2mica para o mar de Maragogi.<\/p> <\/div>\n\t\t\t\t\t\t\t\t<\/div>\n\t\t\t\t\t\t\t\t\n\t\t\t\t\t\t\t<\/div><div class=\"tc-item\">\n\t\t\t\t\t\t\t\t<img src=\"https:\/\/pousadaorladoscorais.com.br\/home\/wp-content\/uploads\/2019\/05\/gallery-1-big.jpg\" alt=\"Nova piscina panor\u00e2mica\">\n\t\t\t\t\t\t\t\t<div class=\"main-content\">\n\t\t\t\t\t\t\t\t\t<p class=\"tc-name\">Nova piscina panor\u00e2mica<\/p>\n\t\t\t\t\t\t\t\t\t<div class=\"t-m-footer\"> <p class=\"tc-content\">Nova piscina panor\u00e2mica  a 15 metros de altura com borda infinita para melhor proporcionar aos nossos h\u00f3spedes momentos e um visual \u00fanico com vista para o mar mais lindo do litoral do caribe brasileiro.<\/p> <\/div>\n\t\t\t\t\t\t\t\t<\/div>\n\t\t\t\t\t\t\t\t\n\t\t\t\t\t\t\t<\/div><div class=\"tc-item\">\n\t\t\t\t\t\t\t\t<img src=\"https:\/\/pousadaorladoscorais.com.br\/home\/wp-content\/uploads\/2019\/05\/CASAL-TRIPLO-2.jpg\" alt=\"Novas su\u00edtes\">\n\t\t\t\t\t\t\t\t<div class=\"main-content\">\n\t\t\t\t\t\t\t\t\t<p class=\"tc-name\">Novas su\u00edtes<\/p>\n\t\t\t\t\t\t\t\t\t<div class=\"t-m-footer\"> <p class=\"tc-content\">Mais 7 novas su\u00edtes com mais op\u00e7\u00f5es para passar momentos inesquec\u00edveis em nossa pousada.<\/p> <\/div>\n\t\t\t\t\t\t\t\t<\/div>\n\t\t\t\t\t\t\t\t\n\t\t\t\t\t\t\t<\/div><\/div><\/div><hr class=\"vertical-space3\"><hr class=\"vertical-space3\">[\/vc_column][\/vc_row]\n","protected":false},"excerpt":{"rendered":"<p>[vc_row row_type=&#8221;1&#8243;][vc_column][rev_slider_vc alias=&#8221;hotella-vienna-rev-slider01&#8243;][\/vc_column][\/vc_row][vc_row row_type=&#8221;2&#8243; blox_bgcolor=&#8221;#f2f2f2&#8243;][vc_column][vc_row_inner css=&#8221;.vc_custom_1473853232790{margin-top: 5px !important;}&#8221;][vc_column_inner width=&#8221;1\/3&#8243;][\/vc_column_inner][vc_column_inner width=&#8221;1\/3&#8243;][\/vc_column_inner][vc_column_inner width=&#8221;1\/3&#8243;][\/vc_column_inner][\/vc_row_inner][\/vc_column][\/vc_row][vc_row row_type=&#8221;2&#8243; blox_padding_top=&#8221;10&#8243; blox_bgcolor=&#8221;#f2f2f2&#8243;][vc_column width=&#8221;1\/4&#8243;][vc_column_text el_class=&#8221;about-home2&#8243;] Uma breve hist\u00f3ria sobre: Pousada Orla do Corais Situada no litoral norte de Alagoas \u00e1 125 km do aeroporto de Macei\u00f3 e \u00e1 136 km de Recife com localiza\u00e7\u00e3o privilegiada frente para o mar no centro de Maragogi. Sua estrutura proporciona um ambiente aconchegante, moderno, descontra\u00eddo com uma Piscina Panor\u00e2mica com Mirante para voc\u00ea apreciar as belezas naturais de Maragogi com vista diferenciada.&#8221; &nbsp; [\/vc_column_text][vc_btn title=&#8221;Saiba Mais&#8221; color=&#8221;mulled-wine&#8221; size=&#8221;lg&#8221; align=&#8221;center&#8221; button_block=&#8221;true&#8221; link=&#8221;url:http%3A%2F%2Fpousadaorladoscorais.com.br%2Fhome%2Fsobreapousada%2F|||&#8221;][\/vc_column][vc_column width=&#8221;3\/4&#8243;][\/vc_column][\/vc_row][vc_row row_type=&#8221;2&#8243; blox_bgcolor=&#8221;#f2f2f2&#8243;][vc_column][\/vc_column][\/vc_row][vc_row row_type=&#8221;3&#8243;][vc_column][rev_slider_vc alias=&#8221;vienna-slider2&#8243;][\/vc_column][\/vc_row][vc_row row_type=&#8221;2&#8243; blox_bgcolor=&#8221;#f2f2f2&#8243;][vc_column][\/vc_column][\/vc_row][vc_row row_type=&#8221;2&#8243; blox_bgcolor=&#8221;#f2f2f2&#8243;][vc_column width=&#8221;1\/4&#8243;][\/vc_column][vc_column width=&#8221;1\/4&#8243;][\/vc_column][vc_column width=&#8221;1\/4&#8243;][\/vc_column][vc_column width=&#8221;1\/4&#8243;][\/vc_column][\/vc_row][vc_row row_type=&#8221;2&#8243;][vc_column][rev_slider_vc alias=&#8221;vienna-slider3&#8243;][\/vc_column][\/vc_row][vc_row][vc_column css=&#8221;.vc_custom_1475585232409{padding-bottom: 10px !important;}&#8221;][\/vc_column][\/vc_row][vc_row][vc_column width=&#8221;1\/3&#8243;][\/vc_column][vc_column width=&#8221;1\/3&#8243;][\/vc_column][vc_column width=&#8221;1\/3&#8243;][\/vc_column][vc_column][\/vc_column][\/vc_row][vc_row][vc_column][\/vc_column][\/vc_row][vc_row][vc_column css=&#8221;.vc_custom_1557926643059{background-image: url(http:\/\/pousadaorladoscorais.com.br\/home\/wp-content\/uploads\/2018\/05\/banner-03.jpg?id=12486) !important;background-position: center !important;background-repeat: no-repeat !important;background-size: cover !important;}&#8221; el_class=&#8221;aligncenter&#8221;][\/vc_column][\/vc_row]<\/p>\n","protected":false},"author":1,"featured_media":0,"parent":0,"menu_order":0,"comment_status":"closed","ping_status":"closed","template":"","meta":[],"_links":{"self":[{"href":"https:\/\/pousadaorladoscorais.com.br\/home\/wp-json\/wp\/v2\/pages\/10667"}],"collection":[{"href":"https:\/\/pousadaorladoscorais.com.br\/home\/wp-json\/wp\/v2\/pages"}],"about":[{"href":"https:\/\/pousadaorladoscorais.com.br\/home\/wp-json\/wp\/v2\/types\/page"}],"author":[{"embeddable":true,"href":"https:\/\/pousadaorladoscorais.com.br\/home\/wp-json\/wp\/v2\/users\/1"}],"replies":[{"embeddable":true,"href":"https:\/\/pousadaorladoscorais.com.br\/home\/wp-json\/wp\/v2\/comments?post=10667"}],"version-history":[{"count":61,"href":"https:\/\/pousadaorladoscorais.com.br\/home\/wp-json\/wp\/v2\/pages\/10667\/revisions"}],"predecessor-version":[{"id":22821,"href":"https:\/\/pousadaorladoscorais.com.br\/home\/wp-json\/wp\/v2\/pages\/10667\/revisions\/22821"}],"wp:attachment":[{"href":"https:\/\/pousadaorladoscorais.com.br\/home\/wp-json\/wp\/v2\/media?parent=10667"}],"curies":[{"name":"wp","href":"https:\/\/api.w.org\/{rel}","templated":true}]}}