{"id":10455,"date":"2016-09-03T07:16:25","date_gmt":"2016-09-03T07:16:25","guid":{"rendered":"http:\/\/webnus.net\/themes\/hotella-new\/vienna\/?page_id=5"},"modified":"2019-05-14T10:19:12","modified_gmt":"2019-05-14T13:19:12","slug":"sobreapousada","status":"publish","type":"page","link":"https:\/\/pousadaorladoscorais.com.br\/home\/sobreapousada\/","title":{"rendered":"Sobre a Pousada"},"content":{"rendered":"[vc_row row_type=&#8221;3&#8243; blox_height=&#8221;0&#8243; blox_image=&#8221;6&#8243; page_title=&#8221;page-title-x&#8221; blox_dark=&#8221;true&#8221; blox_class=&#8221;w-top-se&#8221; parallax_speed=&#8221;8&#8243;][vc_column]<hr class=\"vertical-space1\"><h2 class=\"big-title1\">Sobre a Pousada<\/h2>[vc_column_text el_class=&#8221;weh-header&#8221;][\/vc_column_text][\/vc_column][\/vc_row][vc_row][vc_column]<hr class=\"vertical-space5\"><hr class=\"vertical-space2\">[vc_row_inner][vc_column_inner width=&#8221;1\/6&#8243;][\/vc_column_inner][vc_column_inner width=&#8221;4\/6&#8243;]<article class=\"title-plus-text type-1 center \" style=\"text-align:center\" ><h3 style=\"color:#73736b\">Pousada<\/h3><h2 class=\"part-1\" style=\"color:#31312c\">Orla <\/h2><h2 class=\"part-2\" style=\"color:#5aa300\">dos Corais<\/h2><p>Nossa filosofia tem sido permanecer fiel ao esp\u00edrito com a nova era de hospitalidade e fornecer servi\u00e7os de alta qualidade.<\/p><\/article>[\/vc_column_inner][vc_column_inner width=&#8221;1\/6&#8243;][\/vc_column_inner][\/vc_row_inner]<hr class=\"vertical-space1\">[vc_single_image image=&#8221;12824&#8243; img_size=&#8221;full&#8221; alignment=&#8221;center&#8221; css=&#8221;.vc_custom_1557346071702{padding-top: 4px !important;}&#8221;]<hr class=\"vertical-space2\">[vc_row_inner el_class=&#8221;about-after-iamge1&#8243; css=&#8221;.vc_custom_1473053714823{padding-top: 7px !important;}&#8221;][vc_column_inner el_class=&#8221;about-left-content&#8221;][vc_column_text]\n<p style=\"font-size: 18px; font-family: 'Lora',sans-serif; line-height: 29px; color: #31312c;\">A Pousada Orla dos Corais foi inaugurada no ano de 2014, sendo uma Pousada familiar e moderna com finalidade de atender a todos os h\u00f3spedes da melhor maneira poss\u00edvel com uma equipe de funcion\u00e1rios treinados para atender com qualidade a todos os servi\u00e7os. Nosso intuito \u00e9 proporcionar a voc\u00ea h\u00f3spede a melhor estadia em nossa Pousada onde possa desfrutar com alegria de nossos ambientes e de nossa cidade conhecida como o Caribe Brasileiro, pensando nisso fizemos uma \u00e1rea de lazer com uma vista incr\u00edvel onde possam desfrutar desse momento e ao mesmo tempo observar e apreciar a beleza de nossa cidade.<\/p>\n[\/vc_column_text][\/vc_column_inner][\/vc_row_inner]<hr class=\"vertical-space5\"><hr class=\"vertical-space1\">[\/vc_column][\/vc_row][vc_row row_type=&#8221;3&#8243; blox_height=&#8221;530&#8243; blox_image=&#8221;12859&#8243; page_title=&#8221;page-title-x&#8221; blox_dark=&#8221;true&#8221; blox_class=&#8221;aligncenter w-information-se&#8221; parallax_speed=&#8221;8&#8243;][vc_column]<hr class=\"vertical-space5\"><hr class=\"vertical-space4\">[vc_row_inner][vc_column_inner width=&#8221;1\/4&#8243;][\/vc_column_inner][vc_column_inner width=&#8221;1\/2&#8243;][vc_column_text]\n<h3 style=\"text-align: center;\"><strong>Quer desfrutar dessa linda suite de luxo?<\/strong><\/h3>\n<p style=\"text-align: center;\">[\/vc_column_text][\/vc_column_inner][vc_column_inner width=&#8221;1\/4&#8243;][\/vc_column_inner][\/vc_row_inner]<a\n\thref=\"http:\/\/pousadaorladoscorais.com.br\/home\/contact\/\"\n\t\tid=\"ait-sc-button-1\"\n\tclass=\"ait-sc-button alignnone  buticon-left    simple\"\n\tstyle=\"width:180px;\"\n>\n\t<span class=\"container\">\n\t\t<span class=\"wrap\">\n\n\t\t\t\n\t\t\t\t\t\t<span class=\"text\" style=\"text-align:center;\">\n\t\t\t\t\t\t\t\t<span class=\"title\" style=\"\">\n\t\t\t\t\tButton\t\t\t\t<\/span>\n\t\t\t\t\t\t\t\t\t\t\t<\/span>\n\t\t\t\n\t\t\t\t\t<\/span>\n\t<\/span>\n<\/a>\n<hr class=\"vertical-space5\">[\/vc_column][\/vc_row]\n","protected":false},"excerpt":{"rendered":"<p>[vc_row row_type=&#8221;3&#8243; blox_height=&#8221;0&#8243; blox_image=&#8221;6&#8243; page_title=&#8221;page-title-x&#8221; blox_dark=&#8221;true&#8221; blox_class=&#8221;w-top-se&#8221; parallax_speed=&#8221;8&#8243;][vc_column][vc_column_text el_class=&#8221;weh-header&#8221;][\/vc_column_text][\/vc_column][\/vc_row][vc_row][vc_column][vc_row_inner][vc_column_inner width=&#8221;1\/6&#8243;][\/vc_column_inner][vc_column_inner width=&#8221;4\/6&#8243;][\/vc_column_inner][vc_column_inner width=&#8221;1\/6&#8243;][\/vc_column_inner][\/vc_row_inner][vc_single_image image=&#8221;12824&#8243; img_size=&#8221;full&#8221; alignment=&#8221;center&#8221; css=&#8221;.vc_custom_1557346071702{padding-top: 4px !important;}&#8221;][vc_row_inner el_class=&#8221;about-after-iamge1&#8243; css=&#8221;.vc_custom_1473053714823{padding-top: 7px !important;}&#8221;][vc_column_inner el_class=&#8221;about-left-content&#8221;][vc_column_text] A Pousada Orla dos Corais foi inaugurada no ano de 2014, sendo uma Pousada familiar e moderna com finalidade de atender a todos os h\u00f3spedes da melhor maneira poss\u00edvel com uma equipe de funcion\u00e1rios treinados para atender com qualidade a todos os servi\u00e7os. Nosso intuito \u00e9 proporcionar a voc\u00ea h\u00f3spede a melhor estadia em nossa Pousada onde possa desfrutar com alegria de nossos ambientes e de nossa cidade conhecida como o Caribe Brasileiro, pensando nisso fizemos uma \u00e1rea de lazer com uma vista incr\u00edvel onde possam desfrutar desse momento e ao mesmo tempo observar e apreciar a beleza de nossa cidade. [\/vc_column_text][\/vc_column_inner][\/vc_row_inner][\/vc_column][\/vc_row][vc_row row_type=&#8221;3&#8243; blox_height=&#8221;530&#8243; blox_image=&#8221;12859&#8243; page_title=&#8221;page-title-x&#8221; blox_dark=&#8221;true&#8221; blox_class=&#8221;aligncenter w-information-se&#8221; parallax_speed=&#8221;8&#8243;][vc_column][vc_row_inner][vc_column_inner width=&#8221;1\/4&#8243;][\/vc_column_inner][vc_column_inner width=&#8221;1\/2&#8243;][vc_column_text] Quer desfrutar dessa linda suite de luxo? [\/vc_column_text][\/vc_column_inner][vc_column_inner width=&#8221;1\/4&#8243;][\/vc_column_inner][\/vc_row_inner][\/vc_column][\/vc_row]<\/p>\n","protected":false},"author":1,"featured_media":0,"parent":0,"menu_order":0,"comment_status":"closed","ping_status":"closed","template":"","meta":[],"_links":{"self":[{"href":"https:\/\/pousadaorladoscorais.com.br\/home\/wp-json\/wp\/v2\/pages\/10455"}],"collection":[{"href":"https:\/\/pousadaorladoscorais.com.br\/home\/wp-json\/wp\/v2\/pages"}],"about":[{"href":"https:\/\/pousadaorladoscorais.com.br\/home\/wp-json\/wp\/v2\/types\/page"}],"author":[{"embeddable":true,"href":"https:\/\/pousadaorladoscorais.com.br\/home\/wp-json\/wp\/v2\/users\/1"}],"replies":[{"embeddable":true,"href":"https:\/\/pousadaorladoscorais.com.br\/home\/wp-json\/wp\/v2\/comments?post=10455"}],"version-history":[{"count":19,"href":"https:\/\/pousadaorladoscorais.com.br\/home\/wp-json\/wp\/v2\/pages\/10455\/revisions"}],"predecessor-version":[{"id":12873,"href":"https:\/\/pousadaorladoscorais.com.br\/home\/wp-json\/wp\/v2\/pages\/10455\/revisions\/12873"}],"wp:attachment":[{"href":"https:\/\/pousadaorladoscorais.com.br\/home\/wp-json\/wp\/v2\/media?parent=10455"}],"curies":[{"name":"wp","href":"https:\/\/api.w.org\/{rel}","templated":true}]}}